{"id":34478,"date":"2023-01-03T12:24:49","date_gmt":"2023-01-03T11:24:49","guid":{"rendered":"https:\/\/zenitvisuals.com\/politica-de-cookies\/"},"modified":"2023-09-12T09:39:33","modified_gmt":"2023-09-12T08:39:33","slug":"politica-de-cookies","status":"publish","type":"page","link":"https:\/\/zenitvisuals.com\/es\/politica-de-cookies\/","title":{"rendered":"Pol\u00edtica de cookies"},"content":{"rendered":"\t\t<div data-elementor-type=\"wp-page\" data-elementor-id=\"34478\" class=\"elementor elementor-34478 elementor-27513\">\n\t\t\t\t\t\t<div class=\"elementor-inner\">\n\t\t\t\t<div class=\"elementor-section-wrap\">\n\t\t\t\t\t\t\t\t\t<section class=\"elementor-section elementor-top-section elementor-element elementor-element-f06eddf elementor-section-boxed elementor-section-height-default elementor-section-height-default\" data-id=\"f06eddf\" data-element_type=\"section\" data-settings=\"{&quot;background_background&quot;:&quot;classic&quot;}\">\n\t\t\t\t\t\t<div class=\"elementor-container elementor-column-gap-default\">\n\t\t\t\t\t\t\t<div class=\"elementor-row\">\n\t\t\t\t\t<div class=\"elementor-column elementor-col-100 elementor-top-column elementor-element elementor-element-d7b3de2\" data-id=\"d7b3de2\" data-element_type=\"column\">\n\t\t\t<div class=\"elementor-column-wrap elementor-element-populated\">\n\t\t\t\t\t\t\t<div class=\"elementor-widget-wrap\">\n\t\t\t\t\t\t<div class=\"elementor-element elementor-element-0fce43b elementor-widget elementor-widget-spacer\" data-id=\"0fce43b\" data-element_type=\"widget\" data-widget_type=\"spacer.default\">\n\t\t\t\t<div class=\"elementor-widget-container\">\n\t\t\t\t\t<div class=\"elementor-spacer\">\n\t\t\t<div class=\"elementor-spacer-inner\"><\/div>\n\t\t<\/div>\n\t\t\t\t<\/div>\n\t\t\t\t<\/div>\n\t\t\t\t<div class=\"elementor-element elementor-element-f064e9b elementor-widget elementor-widget-text-editor\" data-id=\"f064e9b\" data-element_type=\"widget\" data-widget_type=\"text-editor.default\">\n\t\t\t\t<div class=\"elementor-widget-container\">\n\t\t\t\t\t\t\t\t<div class=\"elementor-text-editor elementor-clearfix\">\n\t\t\t\t<h1>Pol\u00edtica de cookies\u00a0<\/h1><div>\u00a0<\/div><p>POL\u00cdTICA DE COOKIES EN TU WEB<\/p><p>Pol\u00edtica de cookies<\/p><p>Una cookie es un fichero que se descarga en su ordenador al acceder a determinadas p\u00e1ginas web. Las cookies permiten a una p\u00e1gina web, entre otras cosas, almacenar y recuperar informaci\u00f3n sobre los h\u00e1bitos de navegaci\u00f3n de un usuario o de su equipo y, dependiendo de la informaci\u00f3n que contengan y de la forma en que utilice su equipo, pueden servir para reconocerlo.<\/p><p>Sin embargo, estos medios s\u00f3lo obtienen informaci\u00f3n relativa al n\u00famero de p\u00e1ginas visitadas, la ciudad a la que est\u00e1 asignada la direcci\u00f3n IP desde la que se accede, el n\u00famero de nuevos usuarios, la frecuencia y reincidencia de las visitas, el tiempo de visita, en navegador o operador o tipo de terminal desde donde se accede a la web.<\/p><p>Estas cookies se asocian \u00fanicamente con un usuario an\u00f3nimo y su ordenador y no proporcionan referencias que permitan deducir el nombre y apellidos del usuario ni acceder a otros datos almacenados en el equipo.<\/p><p>Las cookies de\u00a0<span style=\"font-weight: bold;\">OTR ZENIT DESIGN SL<\/span>\u00a0no pueden leer datos de su disco duro ni leer archivos cookies creados por otros proveedores de servicios.<\/p><p><span style=\"font-weight: negrita;\">OTR ZENIT DESIGN SL<\/span>\u00a0utiliza:<\/p><p><strong>Cookies propias:<\/strong><\/p><p><br \/><strong>Cookies de terceros:<\/strong><br \/>Si no desea aceptar cookies de terceros puede configurar su navegador, pero debe tener en cuenta que deshabilitar las cookies puede inhabilitar las funciones ofrecidas por estos terceros.Desactivar las cookies de tercerosInternet Explorer: C\u00f3mo gestionar las cookies en Internet Explorer<br \/>Mozilla Firefox: habilitar y deshabilitar cookies<br \/>Google Chrome: c\u00f3mo administrar las cookies y los datos del sitio<br \/>Safari: Administrar cookiesPreguntas frecuentes para: Cookies\u00bfPor qu\u00e9 saltan ahora tantos avisos sobre el uso de &#8216;cookies ahora&#8217;?En 2012 se introdujo una modificaci\u00f3n en el art\u00edculo 22.2 de la Ley de Servicios de la Sociedad de la Informaci\u00f3n y de Comercio Electr\u00f3nico (LSSICE) de 2002. Hasta entonces, se daba por hecho que las p\u00e1ginas web advert\u00edan del uso de cookies en los textos que inclu\u00edan bajo los ep\u00edgrafes del estilo \u201cAviso legal\u201d, \u201cCondiciones de uso\u201d, \u201cT\u00e9rminos de uso\u201d, \u201cPol\u00edtica de protecci\u00f3n de datos\u201d\u2026 Pero se consider\u00f3 insuficiente.Tras la modificaci\u00f3n de 2012, se estableci\u00f3 que el usuario deber\u00e1 dar su consentimiento al uso de cookies, tras haber sido debidamente informado de las finalidades para las que se utilizan.\u00bfCu\u00e1les son las multas por no cumplir la normativa de cookies?Las infracciones leves conllevan multas de hasta 30.000 euros y las graves pueden llegar a los 150.000, aunque la jurisprudencia nunca ha llegado a tales extremos, estableciendo normalmente cantidades entre 500 y 25.000 euros.\u00bfPuedo eliminar las cookies de mi ordenador?S\u00ed, puedes controlar o eliminar las cookies cuando quieras, aunque con ello podr\u00e1s experimentar un comportamiento diferente en la web, tambi\u00e9n puedes configurar la mayor\u00eda de navegadores para que dejen de aceptarlas. En caso de que las rechaces o las elimines, es posible que algunas funcionalidades de la web no funcionen correctamente.\u00bfSon las cookies un peligro para mi ordenador?No, una cookie es un archivo de texto, no es un programa ni un complemento. No puede usarse como virus y no puede acceder a su disco duro. Es el propio navegador y no una persona quien guarda la cookie de una p\u00e1gina web cuando es necesario.\u00bfPueden las cookies llenar mi disco duro?Aunque las cookies ocupan muy poco espacio (unos pocos kilobytes), mientras navega por Internet, la acumulaci\u00f3n de cookies puede ocupar un espacio relativamente grande en su disco duro. Es por ello que tanto los navegadores como los sistemas operativos disponen de sus propios sistemas autom\u00e1ticos para que esto no suceda, normalmente con un n\u00famero m\u00e1ximo de cookies que se pueden almacenar. Cuando se supere ese n\u00famero, el navegador eliminar\u00e1 autom\u00e1ticamente aquellos que menos se hayan utilizado.\u00bfQui\u00e9n debe cumplir con este reglamento?Las p\u00e1ginas corporativas de las empresas.<br \/>Las p\u00e1ginas corporativas de los profesionales aut\u00f3nomos, independientemente de si las utilizan para informar de su negocio o como tiendas online.<br \/>Tiendas online y otras plataformas de comercio electr\u00f3nico.<br \/>Los medios de comunicaci\u00f3n o blogs de particulares que incluyan alg\u00fan tipo de publicidad.Esto se aplica tanto a empresas y profesionales establecidos en Espa\u00f1a como a aquellos sitios web extranjeros dirigidos al p\u00fablico espa\u00f1ol.<\/p><table border=\"1\" cellpadding=\"30\"><tbody><tr><td>PHPSESSID<\/td><td width=\"70%\">Esta cookie es utilizada por el lenguaje de cifrado PHP para permitir que las variables de SESI\u00d3N se guarden en el servidor web. Estas cookies son esenciales para el funcionamiento de la web. Caduca al final de la sesi\u00f3n.<\/td><\/tr><tr><td width=\"30%\">SID, SAPISID, APISID, SSID, HSID, OGPC, SIDCC, CONSENTIMIENTO, DSID; DV<\/td><td width=\"70%\">Estas cookies permiten que los sitios web de Google recuerden informaci\u00f3n que cambia la apariencia o el comportamiento del sitio, como su idioma preferido o la regi\u00f3n en la que se encuentra. Por ejemplo, al recordar su regi\u00f3n, un sitio web puede proporcionarle noticias sobre el tr\u00e1fico local o boletines meteorol\u00f3gicos. Estas cookies tambi\u00e9n le permiten cambiar el tama\u00f1o del texto, la fuente y otras partes de las p\u00e1ginas web que puede personalizar. Los datos almacenados se ejecutan a trav\u00e9s de varios identificadores \u00fanicos, excepto PREF, que guarda sus opciones, como el nivel de zoom preferido. Si bien no tenemos control sobre las cookies de Google, se incluye una combinaci\u00f3n de informaci\u00f3n para medir la cantidad y el comportamiento de los usuarios.<\/td><\/tr><tr><td>_ga<\/td><td width=\"70%\">Habilitan la funci\u00f3n de control de visitas \u00fanicas. La primera vez que un usuario acceda al sitio a trav\u00e9s de un navegador se instalar\u00e1 esta cookie. Cuando este usuario vuelva a entrar en nuestra p\u00e1gina con el mismo navegador, la cookie considerar\u00e1 que es el mismo usuario. S\u00f3lo en el caso de que el usuario cambie de navegador, Google Analytics lo considerar\u00e1 un usuario m\u00e1s.<\/td><\/tr><tr><td width=\"30%\">_gat y _gid<\/td><td width=\"70%\">Se utiliza para diferenciar entre los diferentes objetos de seguimiento creados en la sesi\u00f3n. La cookie se crea cargando la biblioteca javascript y no existe una versi\u00f3n anterior de la cookie _gat. La cookie se actualiza cada vez que env\u00eda los datos a Google Analytics.<\/td><\/tr><tr><td>1P_JAR<\/td><td width=\"70%\">Transferir datos a Google. Tiene una permanencia de 1 semana.<\/td><\/tr><tr><td width=\"30%\">AYUDA<\/td><td width=\"70%\">Cookies de los servicios publicitarios de Google Adwords.<\/td><\/tr><tr><td>NID<\/td><td width=\"70%\">Cookie de Google utilizada para personalizar los anuncios mostrados en los servicios de Google, como la B\u00fasqueda de Google, especialmente cuando no ha iniciado sesi\u00f3n en una cuenta de Google. Google podr\u00e1 transmitir dicha informaci\u00f3n a terceros cuando as\u00ed se le solicite. La legislaci\u00f3n lo exige, o cuando dichos terceros procesen la informaci\u00f3n por cuenta de Google, Google no asociar\u00e1 su direcci\u00f3n IP con ning\u00fan otro dato en poder de Google. Al utilizar este sitio web, usted acepta el procesamiento de informaci\u00f3n sobre usted por parte de Google en la forma y para los fines indicados anteriormente.<\/td><\/tr><tr><td width=\"30%\">es<\/td><td width=\"70%\">Facilita la posibilidad de compartir y comentar con la red social del usuario<\/td><\/tr><tr><td>IDE<\/td><td width=\"70%\">Son cookies publicitarias; Se utilizan para mejorar la publicidad. A menudo se utilizan para orientar la publicidad en funci\u00f3n del contenido que es relevante para un usuario, mejorar los informes de rendimiento de la campa\u00f1a y evitar mostrar anuncios que el usuario ya ha visto.<\/td><\/tr><\/tbody><\/table>\t\t\t\t\t<\/div>\n\t\t\t\t\t\t<\/div>\n\t\t\t\t<\/div>\n\t\t\t\t\t\t<\/div>\n\t\t\t\t\t<\/div>\n\t\t<\/div>\n\t\t\t\t\t\t\t\t<\/div>\n\t\t\t\t\t<\/div>\n\t\t<\/section>\n\t\t\t\t\t\t\t\t\t<\/div>\n\t\t\t<\/div>\n\t\t\t\t\t<\/div>\n\t\t","protected":false},"excerpt":{"rendered":"<p>Pol\u00edtica de cookies\u00a0 \u00a0 POL\u00cdTICA DE COOKIES EN TU WEB Pol\u00edtica de cookies Una cookie es un fichero que se descarga en su ordenador al acceder a determinadas p\u00e1ginas web. Las cookies permiten a una p\u00e1gina web, entre otras cosas, almacenar y recuperar informaci\u00f3n sobre los h\u00e1bitos de navegaci\u00f3n de un usuario o de su equipo y, dependiendo de la &hellip;<\/p>\n","protected":false},"author":1,"featured_media":0,"parent":0,"menu_order":0,"comment_status":"closed","ping_status":"closed","template":"blank-builder.php","meta":{"footnotes":""},"class_list":["post-34478","page","type-page","status-publish","hentry"],"yoast_head":"<!-- This site is optimized with the Yoast SEO plugin v26.7 - https:\/\/yoast.com\/wordpress\/plugins\/seo\/ -->\n<title>Pol\u00edtica de cookies - Zenit Visuals<\/title>\n<meta name=\"robots\" content=\"index, follow, max-snippet:-1, max-image-preview:large, max-video-preview:-1\" \/>\n<link rel=\"canonical\" href=\"https:\/\/zenitvisuals.com\/es\/politica-de-cookies\/\" \/>\n<meta property=\"og:locale\" content=\"es_ES\" \/>\n<meta property=\"og:type\" content=\"article\" \/>\n<meta property=\"og:title\" content=\"Pol\u00edtica de cookies - Zenit Visuals\" \/>\n<meta property=\"og:description\" content=\"Pol\u00edtica de cookies\u00a0 \u00a0 POL\u00cdTICA DE COOKIES EN TU WEB Pol\u00edtica de cookies Una cookie es un fichero que se descarga en su ordenador al acceder a determinadas p\u00e1ginas web. Las cookies permiten a una p\u00e1gina web, entre otras cosas, almacenar y recuperar informaci\u00f3n sobre los h\u00e1bitos de navegaci\u00f3n de un usuario o de su equipo y, dependiendo de la &hellip;\" \/>\n<meta property=\"og:url\" content=\"https:\/\/zenitvisuals.com\/es\/politica-de-cookies\/\" \/>\n<meta property=\"og:site_name\" content=\"Zenit Visuals\" \/>\n<meta property=\"article:publisher\" content=\"https:\/\/www.facebook.com\/zenitdesignEs\" \/>\n<meta property=\"article:modified_time\" content=\"2023-09-12T08:39:33+00:00\" \/>\n<meta name=\"twitter:card\" content=\"summary_large_image\" \/>\n<meta name=\"twitter:label1\" content=\"Tiempo de lectura\" \/>\n\t<meta name=\"twitter:data1\" content=\"6 minutos\" \/>\n<script type=\"application\/ld+json\" class=\"yoast-schema-graph\">{\"@context\":\"https:\/\/schema.org\",\"@graph\":[{\"@type\":\"WebPage\",\"@id\":\"https:\/\/zenitvisuals.com\/es\/politica-de-cookies\/\",\"url\":\"https:\/\/zenitvisuals.com\/es\/politica-de-cookies\/\",\"name\":\"Pol\u00edtica de cookies - Zenit Visuals\",\"isPartOf\":{\"@id\":\"https:\/\/zenitvisuals.com\/es\/#website\"},\"datePublished\":\"2023-01-03T11:24:49+00:00\",\"dateModified\":\"2023-09-12T08:39:33+00:00\",\"breadcrumb\":{\"@id\":\"https:\/\/zenitvisuals.com\/es\/politica-de-cookies\/#breadcrumb\"},\"inLanguage\":\"es\",\"potentialAction\":[{\"@type\":\"ReadAction\",\"target\":[\"https:\/\/zenitvisuals.com\/es\/politica-de-cookies\/\"]}]},{\"@type\":\"BreadcrumbList\",\"@id\":\"https:\/\/zenitvisuals.com\/es\/politica-de-cookies\/#breadcrumb\",\"itemListElement\":[{\"@type\":\"ListItem\",\"position\":1,\"name\":\"Home\",\"item\":\"https:\/\/zenitvisuals.com\/es\/\"},{\"@type\":\"ListItem\",\"position\":2,\"name\":\"Pol\u00edtica de cookies\"}]},{\"@type\":\"WebSite\",\"@id\":\"https:\/\/zenitvisuals.com\/es\/#website\",\"url\":\"https:\/\/zenitvisuals.com\/es\/\",\"name\":\"Zenit Visuals\",\"description\":\"3D Design &amp; Animations\",\"publisher\":{\"@id\":\"https:\/\/zenitvisuals.com\/es\/#organization\"},\"potentialAction\":[{\"@type\":\"SearchAction\",\"target\":{\"@type\":\"EntryPoint\",\"urlTemplate\":\"https:\/\/zenitvisuals.com\/es\/?s={search_term_string}\"},\"query-input\":{\"@type\":\"PropertyValueSpecification\",\"valueRequired\":true,\"valueName\":\"search_term_string\"}}],\"inLanguage\":\"es\"},{\"@type\":\"Organization\",\"@id\":\"https:\/\/zenitvisuals.com\/es\/#organization\",\"name\":\"Zenit Visuals 3D Design\",\"url\":\"https:\/\/zenitvisuals.com\/es\/\",\"logo\":{\"@type\":\"ImageObject\",\"inLanguage\":\"es\",\"@id\":\"https:\/\/zenitvisuals.com\/es\/#\/schema\/logo\/image\/\",\"url\":\"https:\/\/zenitvisuals.com\/wp-content\/uploads\/2023\/02\/logo-zenit-ene23-v1b.png\",\"contentUrl\":\"https:\/\/zenitvisuals.com\/wp-content\/uploads\/2023\/02\/logo-zenit-ene23-v1b.png\",\"width\":320,\"height\":76,\"caption\":\"Zenit Visuals 3D Design\"},\"image\":{\"@id\":\"https:\/\/zenitvisuals.com\/es\/#\/schema\/logo\/image\/\"},\"sameAs\":[\"https:\/\/www.facebook.com\/zenitdesignEs\",\"https:\/\/www.linkedin.com\/company\/zenit-design-es\",\"https:\/\/zenitvisuals.com\/#0\",\"https:\/\/www.behance.net\/g3ddesignstudio\/projects\"]}]}<\/script>\n<!-- \/ Yoast SEO plugin. -->","yoast_head_json":{"title":"Pol\u00edtica de cookies - Zenit Visuals","robots":{"index":"index","follow":"follow","max-snippet":"max-snippet:-1","max-image-preview":"max-image-preview:large","max-video-preview":"max-video-preview:-1"},"canonical":"https:\/\/zenitvisuals.com\/es\/politica-de-cookies\/","og_locale":"es_ES","og_type":"article","og_title":"Pol\u00edtica de cookies - Zenit Visuals","og_description":"Pol\u00edtica de cookies\u00a0 \u00a0 POL\u00cdTICA DE COOKIES EN TU WEB Pol\u00edtica de cookies Una cookie es un fichero que se descarga en su ordenador al acceder a determinadas p\u00e1ginas web. Las cookies permiten a una p\u00e1gina web, entre otras cosas, almacenar y recuperar informaci\u00f3n sobre los h\u00e1bitos de navegaci\u00f3n de un usuario o de su equipo y, dependiendo de la &hellip;","og_url":"https:\/\/zenitvisuals.com\/es\/politica-de-cookies\/","og_site_name":"Zenit Visuals","article_publisher":"https:\/\/www.facebook.com\/zenitdesignEs","article_modified_time":"2023-09-12T08:39:33+00:00","twitter_card":"summary_large_image","twitter_misc":{"Tiempo de lectura":"6 minutos"},"schema":{"@context":"https:\/\/schema.org","@graph":[{"@type":"WebPage","@id":"https:\/\/zenitvisuals.com\/es\/politica-de-cookies\/","url":"https:\/\/zenitvisuals.com\/es\/politica-de-cookies\/","name":"Pol\u00edtica de cookies - Zenit Visuals","isPartOf":{"@id":"https:\/\/zenitvisuals.com\/es\/#website"},"datePublished":"2023-01-03T11:24:49+00:00","dateModified":"2023-09-12T08:39:33+00:00","breadcrumb":{"@id":"https:\/\/zenitvisuals.com\/es\/politica-de-cookies\/#breadcrumb"},"inLanguage":"es","potentialAction":[{"@type":"ReadAction","target":["https:\/\/zenitvisuals.com\/es\/politica-de-cookies\/"]}]},{"@type":"BreadcrumbList","@id":"https:\/\/zenitvisuals.com\/es\/politica-de-cookies\/#breadcrumb","itemListElement":[{"@type":"ListItem","position":1,"name":"Home","item":"https:\/\/zenitvisuals.com\/es\/"},{"@type":"ListItem","position":2,"name":"Pol\u00edtica de cookies"}]},{"@type":"WebSite","@id":"https:\/\/zenitvisuals.com\/es\/#website","url":"https:\/\/zenitvisuals.com\/es\/","name":"Zenit Visuals","description":"3D Design &amp; Animations","publisher":{"@id":"https:\/\/zenitvisuals.com\/es\/#organization"},"potentialAction":[{"@type":"SearchAction","target":{"@type":"EntryPoint","urlTemplate":"https:\/\/zenitvisuals.com\/es\/?s={search_term_string}"},"query-input":{"@type":"PropertyValueSpecification","valueRequired":true,"valueName":"search_term_string"}}],"inLanguage":"es"},{"@type":"Organization","@id":"https:\/\/zenitvisuals.com\/es\/#organization","name":"Zenit Visuals 3D Design","url":"https:\/\/zenitvisuals.com\/es\/","logo":{"@type":"ImageObject","inLanguage":"es","@id":"https:\/\/zenitvisuals.com\/es\/#\/schema\/logo\/image\/","url":"https:\/\/zenitvisuals.com\/wp-content\/uploads\/2023\/02\/logo-zenit-ene23-v1b.png","contentUrl":"https:\/\/zenitvisuals.com\/wp-content\/uploads\/2023\/02\/logo-zenit-ene23-v1b.png","width":320,"height":76,"caption":"Zenit Visuals 3D Design"},"image":{"@id":"https:\/\/zenitvisuals.com\/es\/#\/schema\/logo\/image\/"},"sameAs":["https:\/\/www.facebook.com\/zenitdesignEs","https:\/\/www.linkedin.com\/company\/zenit-design-es","https:\/\/zenitvisuals.com\/#0","https:\/\/www.behance.net\/g3ddesignstudio\/projects"]}]}},"_links":{"self":[{"href":"https:\/\/zenitvisuals.com\/es\/wp-json\/wp\/v2\/pages\/34478","targetHints":{"allow":["GET"]}}],"collection":[{"href":"https:\/\/zenitvisuals.com\/es\/wp-json\/wp\/v2\/pages"}],"about":[{"href":"https:\/\/zenitvisuals.com\/es\/wp-json\/wp\/v2\/types\/page"}],"author":[{"embeddable":true,"href":"https:\/\/zenitvisuals.com\/es\/wp-json\/wp\/v2\/users\/1"}],"replies":[{"embeddable":true,"href":"https:\/\/zenitvisuals.com\/es\/wp-json\/wp\/v2\/comments?post=34478"}],"version-history":[{"count":8,"href":"https:\/\/zenitvisuals.com\/es\/wp-json\/wp\/v2\/pages\/34478\/revisions"}],"predecessor-version":[{"id":35373,"href":"https:\/\/zenitvisuals.com\/es\/wp-json\/wp\/v2\/pages\/34478\/revisions\/35373"}],"wp:attachment":[{"href":"https:\/\/zenitvisuals.com\/es\/wp-json\/wp\/v2\/media?parent=34478"}],"curies":[{"name":"wp","href":"https:\/\/api.w.org\/{rel}","templated":true}]}}