{"id":34462,"date":"2023-01-03T12:04:37","date_gmt":"2023-01-03T11:04:37","guid":{"rendered":"https:\/\/zenitvisuals.com\/politica-de-privacidad\/"},"modified":"2023-09-12T09:39:37","modified_gmt":"2023-09-12T08:39:37","slug":"politica-de-privacidad","status":"publish","type":"page","link":"https:\/\/zenitvisuals.com\/es\/politica-de-privacidad\/","title":{"rendered":"Pol\u00edtica de privacidad"},"content":{"rendered":"\t\t<div data-elementor-type=\"wp-page\" data-elementor-id=\"34462\" class=\"elementor elementor-34462 elementor-27501\">\n\t\t\t\t\t\t<div class=\"elementor-inner\">\n\t\t\t\t<div class=\"elementor-section-wrap\">\n\t\t\t\t\t\t\t\t\t<section class=\"elementor-section elementor-top-section elementor-element elementor-element-162c7c5 elementor-section-boxed elementor-section-height-default elementor-section-height-default\" data-id=\"162c7c5\" data-element_type=\"section\" data-settings=\"{&quot;background_background&quot;:&quot;classic&quot;}\">\n\t\t\t\t\t\t<div class=\"elementor-container elementor-column-gap-default\">\n\t\t\t\t\t\t\t<div class=\"elementor-row\">\n\t\t\t\t\t<div class=\"elementor-column elementor-col-100 elementor-top-column elementor-element elementor-element-7f2e2b4\" data-id=\"7f2e2b4\" data-element_type=\"column\">\n\t\t\t<div class=\"elementor-column-wrap elementor-element-populated\">\n\t\t\t\t\t\t\t<div class=\"elementor-widget-wrap\">\n\t\t\t\t\t\t<div class=\"elementor-element elementor-element-a998f69 elementor-widget elementor-widget-spacer\" data-id=\"a998f69\" data-element_type=\"widget\" data-widget_type=\"spacer.default\">\n\t\t\t\t<div class=\"elementor-widget-container\">\n\t\t\t\t\t<div class=\"elementor-spacer\">\n\t\t\t<div class=\"elementor-spacer-inner\"><\/div>\n\t\t<\/div>\n\t\t\t\t<\/div>\n\t\t\t\t<\/div>\n\t\t\t\t<div class=\"elementor-element elementor-element-dc824d9 elementor-widget elementor-widget-text-editor\" data-id=\"dc824d9\" data-element_type=\"widget\" data-widget_type=\"text-editor.default\">\n\t\t\t\t<div class=\"elementor-widget-container\">\n\t\t\t\t\t\t\t\t<div class=\"elementor-text-editor elementor-clearfix\">\n\t\t\t\t<h1>Pol\u00edtica de Privacidad\u00a0<\/h1><div>\u00a0<\/div><p>A trav\u00e9s del presente aviso legal y pol\u00edtica de privacidad, <b>OTR ZENIT DESIGN SL<\/b>\u00a0con domicilio social en Paseo de Reding 43, n\u00ba1 29016,\u00a0<span style=\"color: #c9c9c9; font-size: 16px;\">M\u00e1laga (Espa\u00f1a)<\/span>, informa a los usuarios del sitio web\u00a0<a href=\"https:\/\/zenitvisuals.com\/\" target=\"_blank\" rel=\"noopener\">https:\/\/zenitvisuals.com\/<\/a> de su Pol\u00edtica de Privacidad, y describe qu\u00e9 datos recoge, c\u00f3mo los utiliza, las opciones de los usuarios en relaci\u00f3n con estos datos, sus derechos (conocidos como ARCO, Derechos de Acceso, Rectificaci\u00f3n, Cancelaci\u00f3n y Oposici\u00f3n y los nuevos introducidos por la RGPD, derecho al olvido, derecho a la portabilidad de los datos personales y derecho a la limitaci\u00f3n en el tratamiento), la seguridad de sus datos, y la modificaci\u00f3n de la pol\u00edtica de confidencialidad.<br \/>La utilizaci\u00f3n del <span style=\"font-weight: negrita;\">OTR ZENIT DESIGN SL<\/span>\u00a0y de cualquiera de los servicios incorporados en el mismo, implica la aceptaci\u00f3n plena de las condiciones que se presentan a continuaci\u00f3n Pol\u00edtica de Privacidad.<br \/>Recogida de datos y consentimiento<br \/>En cumplimiento de la Ley Org\u00e1nica 3\/2018, de 5 de diciembre, de Protecci\u00f3n de Datos Personales y garant\u00eda de los derechos digitales (LOPDGDD), y por el Reglamento (UE) 2016\/679 General de Protecci\u00f3n de Datos, se informa que los datos personales que se solicitados en nuestros formularios o que nos puedan facilitar a trav\u00e9s de nuestras direcciones de correo electr\u00f3nico ser\u00e1n incluidos en nuestros ficheros de datos de car\u00e1cter personal, cuyo titular y responsable es <b>OTR ZENIT DESIGN SL<\/b><br \/>Todos los datos recabados ser\u00e1n tratados con la debida confidencialidad siguiendo la normativa vigente en materia de protecci\u00f3n de datos de car\u00e1cter personal, bajo la vigente LOPDGDD, RLOPD y, el RGPD.<br \/>Este sitio web se rige por la normativa exclusivamente aplicable al Estado espa\u00f1ol, a la que est\u00e1n sujetas las personas, tanto nacionales como extranjeras, que utilicen este sitio web.<\/p><p>Finalidades del tratamiento<br \/>Cuando un usuario se conecta desde esta web, rellena uno de los formularios de contacto y\/o env\u00eda una notificaci\u00f3n a cualquiera de nuestros correos electr\u00f3nicos, est\u00e1 facilitando informaci\u00f3n de car\u00e1cter personal por lo que\u00a0<span style=\"font-weight: negrita;\">OTR ZENIT DESIGN SL<\/span>\u00a0es responsable. que servir\u00e1 para:<br \/>Gestionar las comunicaciones con el usuario.<br \/>Poder elaborar un presupuesto ajustado a sus necesidades, as\u00ed como realizar estudios estad\u00edsticos.<br \/>En caso de convertirse en cliente, poder utilizar su informaci\u00f3n para ejercer eficientemente la labor del servicio que tiene contratado. Las finalidades del tratamiento de los datos de los clientes son la gesti\u00f3n comercial, administrativa, contable y fiscal de los mismos, y la prestaci\u00f3n de los servicios que nos han confiado.<br \/>Tramitar pedidos, solicitudes o cualquier tipo de petici\u00f3n que sea realizada por el usuario a trav\u00e9s de cualquiera de las formas de contacto que se ponen a su disposici\u00f3n.<br \/>En el caso de recibir solicitudes espont\u00e1neas para trabajar con <span style=\"font-weight: bold;\">OTR ZENIT DESIGN SL<\/span>, la finalidad del tratamiento de sus datos ser\u00e1 hacerle part\u00edcipe del posible proceso de selecci\u00f3n de personal. procesos de selecci\u00f3n realizados por nosotros. Los datos se conservar\u00e1n durante el plazo m\u00e1ximo de un a\u00f1o, transcurrido el cual se suprimir\u00e1n, garantizando el pleno respeto a la confidencialidad tanto en el tratamiento como en su posterior destrucci\u00f3n.<br \/>La informaci\u00f3n proporcionada puede incluir datos personales como su direcci\u00f3n IP, nombre, direcci\u00f3n f\u00edsica, direcci\u00f3n de correo electr\u00f3nico, n\u00famero de tel\u00e9fono y otra informaci\u00f3n. Al proporcionar esta informaci\u00f3n, el usuario da su consentimiento para que su informaci\u00f3n sea recopilada, utilizada, administrada y almacenada por\u00a0<a style=\"outline-style: inicial; contorno-ancho: 0px; fondo-color: #000000; color: # a02121; propiedad de transici\u00f3n: todos;\" href=\"https:\/\/zenitvisuals.com\/\" target=\"_blank\" rel=\"noopener\">https:\/\/zenitvisuals.com\/<\/a>.<\/p><p>Los datos facilitados deber\u00e1n ser los adecuados, espec\u00edficos y necesarios para la finalidad antes mencionada, y no ser\u00e1n utilizados con otra distinta a aquella para la que se comunica en esta pol\u00edtica de privacidad. Estos datos ofrecidos por el usuario deber\u00e1n ser datos verdaderos, exactos, completos y actualizados.<br \/>En ning\u00fan caso el usuario est\u00e1 obligado a facilitar datos a\u00a0<span style=\"font-weight: bold;\">OTR ZENIT DESIGN SL<\/span>, no obstante, cabe se\u00f1alar que de no hacerlo supondr\u00e1 la imposibilidad de prestar los servicios de\u00a0<span style=\"font-weight: negrita;\">OTR ZENIT DESIGN SL<\/span>. de la forma normal.<br \/><span style=\"font-weight: negrita;\">OTR ZENIT DESIGN SL<\/span><b>,<\/b>\u00a0no se hace responsable del tratamiento de los datos personales en las p\u00e1ginas web a las que el usuario puede acceder a trav\u00e9s de los distintos enlaces en nuestra p\u00e1gina web.<br \/>Nuestro sitio web obtiene los datos personales del usuario a trav\u00e9s de correo electr\u00f3nico y formularios de contacto. Salvo indicaci\u00f3n expresa, se considerar\u00e1 necesaria la cumplimentaci\u00f3n de todos los campos de cada formulario. El usuario ser\u00e1 el \u00fanico responsable de cualquier da\u00f1o o perjuicio, directo o indirecto, que pueda causar a\u00a0<span style=\"font-weight: negrita;\">OTR ZENIT DESIGN SL<\/span>\u00a0o, a cualquier tercero, por la cumplimentaci\u00f3n los formularios con datos falsos, inexactos, incompletos o no actualizados, o con datos de terceros o con datos de terceros.<\/p><p><span style=\"font-weight: negrita;\">OTR ZENIT DESIGN SL<\/span>\u00a0se reserva el derecho de decidir la incorporaci\u00f3n o no de los datos personales de estas personas a sus registros de actividad.<\/p><p>Derecho (ARCO) de acceso, rectificaci\u00f3n, cancelaci\u00f3n y oposici\u00f3n; derecho al olvido, derecho a la portabilidad de los datos personales y derecho a la limitaci\u00f3n en el tratamiento de los datos personales del usuario.<\/p><p>El usuario tiene derecho a acceder a sus datos personales recogidos en los registros de actividad de\u00a0<span style=\"font-weight: negrita;\">OTR ZENIT DESIGN SL<\/span>, rectificarlos si no son correctos, cancelarlos u oponerse. su tratamiento, en los t\u00e9rminos establecidos legalmente, dirigi\u00e9ndose a\u00a0<span style=\"font-weight: bold;\">OTR ZENIT DESIGN SL<\/span>, mediante escrito dirigido a\u00a0<span style=\"font-weight: bold;\">OTR ZENIT DESIGN SL<\/span>, Paseo de Reding 43, No1 29016,\u00a0<span style=\"color: #c9c9c9; font-size: 16px;\">M\u00e1laga (Espa\u00f1a)<\/span>, acompa\u00f1ando siempre fotocopia de su DNI, o documento acreditativo de la entidad que representa.<\/p><p>Adem\u00e1s, con la introducci\u00f3n del RGPD se incorpora el derecho al olvido, el derecho a la portabilidad de los datos personales y el derecho a la limitaci\u00f3n en el tratamiento.<\/p><p>El derecho al olvido implica impedir, por orden del afectado, la difusi\u00f3n de informaci\u00f3n personal a trav\u00e9s de Internet cuando su publicaci\u00f3n no cumpla con los requisitos de adecuaci\u00f3n y pertinencia previstos en la normativa. Se incluye el derecho a limitar la difusi\u00f3n universal e indiscriminada de datos personales en los buscadores generales cuando la informaci\u00f3n est\u00e9 obsoleta o haya dejado de tener relevancia o inter\u00e9s p\u00fablico, incluso si la publicaci\u00f3n original es leg\u00edtima.<\/p><p>El derecho a la portabilidad de los datos faculta al interesado a obtener una copia de sus datos personales en un formato electr\u00f3nico estructurado y de uso habitual y a transferir sus datos de un sistema de tratamiento electr\u00f3nico a otro.<\/p><p>El derecho a la limitaci\u00f3n en el tratamiento consiste en la facultad de los interesados de solicitar y obtener del responsable del tratamiento o fichero, una limitaci\u00f3n del tratamiento de sus datos personales cuando se cumpla alguna de las siguientes condiciones:<\/p><p>El interesado impugne la exactitud de los datos personales, durante un plazo que permita al responsable verificar la exactitud de los mismos.<br \/>El tratamiento es il\u00edcito y el interesado se opone a la supresi\u00f3n de los datos personales y solicita en su lugar la limitaci\u00f3n de su uso.<br \/>El responsable ya no necesita los datos personales para los fines del tratamiento, pero el interesado los necesita para la formulaci\u00f3n, ejercicio o defensa de reclamaciones.<br \/>El interesado se ha opuesto al tratamiento.<\/p><p>Es importante que, para mantener actualizados los datos personales, se informe cada vez que exista alguna modificaci\u00f3n; en caso contrario,\u00a0<span style=\"font-weight: negrita;\">OTR ZENIT DESIGN SL<\/span>\u00a0no responde de la veracidad de los mismos.<\/p><p>Si el usuario no cancela expresamente sus datos personales de los ficheros de\u00a0<span style=\"font-weight: bold;\">OTR ZENIT DESIGN SL<\/span>, se entender\u00e1 que \u00e9sta sigue interesada en su incorporaci\u00f3n mientras son adecuados a la finalidad para la que fueron obtenidos, y mientras <span style=\"font-weight: negrita;\">OTR ZENIT DESIGN SL<\/span>\u00a0 lo considera adecuado.<\/p><p>Seguridad de los datos personales<\/p><p><span style=\"font-weight: negrita;\">OTR ZENIT DESIGN SL<\/span>, informa que ha adoptado todas las medidas t\u00e9cnicas y organizativas necesarias para salvaguardar la seguridad, tal y como exige la normativa vigente que regula la Ley Org\u00e1nica 3\/2018 , de 5 de diciembre, de Protecci\u00f3n de Datos Personales y garant\u00eda de los derechos digitales, y el Reglamento General (UE) 2016\/679 sobre Protecci\u00f3n de datos de los registros de actividad que contengan datos de car\u00e1cter personal.<\/p><p>Modificaci\u00f3n de esta pol\u00edtica de confidencialidad<\/p><p><span style=\"font-weight: bold;\">OTR ZENIT DESIGN SL<\/span>\u00a0se reserva el derecho de modificar en el futuro su pol\u00edtica de protecci\u00f3n de datos seg\u00fan su criterio, o debido a un cambio legislativo, jurisprudencial o empresarial. pr\u00e1ctica. Si\u00a0<span style=\"font-weight: bold;\">OTR ZENIT DESIGN SL<\/span>\u00a0introduce alguna modificaci\u00f3n, el nuevo texto ser\u00e1 publicado en esta misma p\u00e1gina, donde el usuario podr\u00e1 conocer la pol\u00edtica de protecci\u00f3n de datos. En cualquier caso, la relaci\u00f3n con el usuario se regir\u00e1 por las normas previstas en el momento preciso en el que se accede al sitio web y, por tanto, es de obligada lectura cada vez que nos facilita sus datos a trav\u00e9s de nuestro sitio web.<\/p><p>La utilizaci\u00f3n de la Web atribuye a quien hace uso de ella la condici\u00f3n de Usuario, y acepta las presentes Condiciones de las que ha tenido oportunidad de tomar conocimiento.<\/p><p>Transferencias de datos a terceros.<\/p><p>No se realizar\u00e1n cesiones de los datos facilitados a terceros, salvo obligaci\u00f3n legal. En definitiva, el \u00fanico Responsable del tratamiento ser\u00e1\u00a0<span style=\"font-weight: negrita;\">OTR ZENIT DESIGN SL<\/span><b>.<\/b><\/p><p>Comunicaciones comerciales por correo electr\u00f3nico<\/p><p>En cumplimiento del art\u00edculo 21 de la Ley de Servicios de la Sociedad de la Informaci\u00f3n y de Comercio Electr\u00f3nico (Ley 34\/2002, de 11 de julio, de servicios de la sociedad de la informaci\u00f3n y de comercio electr\u00f3nico), y el Reglamento (UE) 2016\/679 General de Protecci\u00f3n de Datos ,<\/p><p>que proh\u00edbe el env\u00edo de comunicaciones comerciales por correo electr\u00f3nico que no hayan sido previamente autorizadas expresamente por los destinatarios, le informamos que la aceptaci\u00f3n de comunicaciones comerciales implica su autorizaci\u00f3n expresa para realizar env\u00edos informativos, comerciales, publicitarios y promocionales, por este medio a la direcci\u00f3n proporcion\u00f3.<\/p><p>Nuestro sitio web obtiene los datos personales del usuario a trav\u00e9s de correo electr\u00f3nico y formularios de contacto, con las siguientes finalidades:<\/p><p>Suscripci\u00f3n a newsletters online, publicaciones f\u00edsicas, p\u00e1ginas web y comunicaciones comerciales y promocionales relacionadas con los servicios de\u00a0<span style=\"font-weight: negrita;\">OTR ZENIT DESIGN SL<\/span>.<br \/>Gesti\u00f3n de\u00a0<span style=\"font-weight: Bold;\">OTR ZENIT DESIGN SL<\/span>\u00a0para la informaci\u00f3n o registro como empresa colaboradora y para la gesti\u00f3n y registro como usuario de otros productos de\u00a0<span style=\"font -peso: negrita;\">OTR ZENIT DESIGN SL<\/span>.<br \/>Comercial: Cuando el interesado env\u00eda los datos personales y acepta el env\u00edo de comunicaciones, est\u00e1 autorizando expresamente su uso a efectos de comunicaciones peri\u00f3dicas, incluidas impl\u00edcitamente las realizadas por correo electr\u00f3nico o correo ordinario.<\/p><p>Asimismo,\u00a0<span style=\"font-weight: bold;\">OTR ZENIT DESIGN SL<\/span>\u00a0proporcionar\u00e1 a los usuarios mecanismos para que, de forma sencilla y gratuita, puedan retirar el consentimiento otorgado con el fin de enviar comunicaciones electr\u00f3nicas, cumpliendo \u00edntegramente con la normativa europea y nacional en la materia.<\/p><p>No obstante, si no desea recibir nuestras comunicaciones comerciales puede solicitarlo dirigi\u00e9ndose a:\u00a0<span style=\"font-weight: negrita;\">OTR ZENIT DESIGN SL<\/span>\u00a0Mediante escrito dirigido a\u00a0<span style=\"font -weight: negrita;\">OTR ZENIT DESIGN SL<\/span>,\u00a0Paseo de Reding 43, No1 29016, <span style=\"color: #c9c9c9; font-size: 16px;\">M\u00e1laga (Espa\u00f1a)<\/span> , acompa\u00f1ando siempre fotocopia de su DNI, o documento acreditativo de la entidad que representa.<\/p><p>El usuario, mediante el env\u00edo de un mensaje electr\u00f3nico con datos de car\u00e1cter personal o haciendo uso de los formularios de contacto, autoriza y consiente expresamente a\u00a0<span style=\"font-weight: Bold;\">OTR ZENIT DESIGN SL<\/span><b>, <\/b>\u00a0para tratar e incorporar estos datos en nuestros registros de actividad. (www.agpd.es) de la que es responsable la citada empresa, con el fin de poder facilitar m\u00e1s informaci\u00f3n sobre la empresa, informar sobre productos, informar sobre los servicios ofrecidos.<\/p>\t\t\t\t\t<\/div>\n\t\t\t\t\t\t<\/div>\n\t\t\t\t<\/div>\n\t\t\t\t\t\t<\/div>\n\t\t\t\t\t<\/div>\n\t\t<\/div>\n\t\t\t\t\t\t\t\t<\/div>\n\t\t\t\t\t<\/div>\n\t\t<\/section>\n\t\t\t\t\t\t\t\t\t<\/div>\n\t\t\t<\/div>\n\t\t\t\t\t<\/div>\n\t\t","protected":false},"excerpt":{"rendered":"<p>Pol\u00edtica de Privacidad\u00a0 \u00a0 A trav\u00e9s del presente aviso legal y pol\u00edtica de privacidad, OTR ZENIT DESIGN SL\u00a0con domicilio social en Paseo de Reding 43, n\u00ba1 29016,\u00a0M\u00e1laga (Espa\u00f1a), informa a los usuarios del sitio web\u00a0https:\/\/zenitvisuals.com\/ de su Pol\u00edtica de Privacidad, y describe qu\u00e9 datos recoge, c\u00f3mo los utiliza, las opciones de los usuarios en relaci\u00f3n con estos datos, sus derechos &hellip;<\/p>\n","protected":false},"author":1,"featured_media":0,"parent":0,"menu_order":0,"comment_status":"closed","ping_status":"closed","template":"blank-builder.php","meta":{"footnotes":""},"class_list":["post-34462","page","type-page","status-publish","hentry"],"yoast_head":"<!-- This site is optimized with the Yoast SEO plugin v26.7 - https:\/\/yoast.com\/wordpress\/plugins\/seo\/ -->\n<title>Pol\u00edtica de privacidad - Zenit Visuals<\/title>\n<meta name=\"robots\" content=\"index, follow, max-snippet:-1, max-image-preview:large, max-video-preview:-1\" \/>\n<link rel=\"canonical\" href=\"https:\/\/zenitvisuals.com\/es\/politica-de-privacidad\/\" \/>\n<meta property=\"og:locale\" content=\"es_ES\" \/>\n<meta property=\"og:type\" content=\"article\" \/>\n<meta property=\"og:title\" content=\"Pol\u00edtica de privacidad - Zenit Visuals\" \/>\n<meta property=\"og:description\" content=\"Pol\u00edtica de Privacidad\u00a0 \u00a0 A trav\u00e9s del presente aviso legal y pol\u00edtica de privacidad, OTR ZENIT DESIGN SL\u00a0con domicilio social en Paseo de Reding 43, n\u00ba1 29016,\u00a0M\u00e1laga (Espa\u00f1a), informa a los usuarios del sitio web\u00a0https:\/\/zenitvisuals.com\/ de su Pol\u00edtica de Privacidad, y describe qu\u00e9 datos recoge, c\u00f3mo los utiliza, las opciones de los usuarios en relaci\u00f3n con estos datos, sus derechos &hellip;\" \/>\n<meta property=\"og:url\" content=\"https:\/\/zenitvisuals.com\/es\/politica-de-privacidad\/\" \/>\n<meta property=\"og:site_name\" content=\"Zenit Visuals\" \/>\n<meta property=\"article:publisher\" content=\"https:\/\/www.facebook.com\/zenitdesignEs\" \/>\n<meta property=\"article:modified_time\" content=\"2023-09-12T08:39:37+00:00\" \/>\n<meta name=\"twitter:card\" content=\"summary_large_image\" \/>\n<meta name=\"twitter:label1\" content=\"Tiempo de lectura\" \/>\n\t<meta name=\"twitter:data1\" content=\"9 minutos\" \/>\n<script type=\"application\/ld+json\" class=\"yoast-schema-graph\">{\"@context\":\"https:\/\/schema.org\",\"@graph\":[{\"@type\":\"WebPage\",\"@id\":\"https:\/\/zenitvisuals.com\/es\/politica-de-privacidad\/\",\"url\":\"https:\/\/zenitvisuals.com\/es\/politica-de-privacidad\/\",\"name\":\"Pol\u00edtica de privacidad - Zenit Visuals\",\"isPartOf\":{\"@id\":\"https:\/\/zenitvisuals.com\/es\/#website\"},\"datePublished\":\"2023-01-03T11:04:37+00:00\",\"dateModified\":\"2023-09-12T08:39:37+00:00\",\"breadcrumb\":{\"@id\":\"https:\/\/zenitvisuals.com\/es\/politica-de-privacidad\/#breadcrumb\"},\"inLanguage\":\"es\",\"potentialAction\":[{\"@type\":\"ReadAction\",\"target\":[\"https:\/\/zenitvisuals.com\/es\/politica-de-privacidad\/\"]}]},{\"@type\":\"BreadcrumbList\",\"@id\":\"https:\/\/zenitvisuals.com\/es\/politica-de-privacidad\/#breadcrumb\",\"itemListElement\":[{\"@type\":\"ListItem\",\"position\":1,\"name\":\"Home\",\"item\":\"https:\/\/zenitvisuals.com\/es\/\"},{\"@type\":\"ListItem\",\"position\":2,\"name\":\"Pol\u00edtica de privacidad\"}]},{\"@type\":\"WebSite\",\"@id\":\"https:\/\/zenitvisuals.com\/es\/#website\",\"url\":\"https:\/\/zenitvisuals.com\/es\/\",\"name\":\"Zenit Visuals\",\"description\":\"3D Design &amp; Animations\",\"publisher\":{\"@id\":\"https:\/\/zenitvisuals.com\/es\/#organization\"},\"potentialAction\":[{\"@type\":\"SearchAction\",\"target\":{\"@type\":\"EntryPoint\",\"urlTemplate\":\"https:\/\/zenitvisuals.com\/es\/?s={search_term_string}\"},\"query-input\":{\"@type\":\"PropertyValueSpecification\",\"valueRequired\":true,\"valueName\":\"search_term_string\"}}],\"inLanguage\":\"es\"},{\"@type\":\"Organization\",\"@id\":\"https:\/\/zenitvisuals.com\/es\/#organization\",\"name\":\"Zenit Visuals 3D Design\",\"url\":\"https:\/\/zenitvisuals.com\/es\/\",\"logo\":{\"@type\":\"ImageObject\",\"inLanguage\":\"es\",\"@id\":\"https:\/\/zenitvisuals.com\/es\/#\/schema\/logo\/image\/\",\"url\":\"https:\/\/zenitvisuals.com\/wp-content\/uploads\/2023\/02\/logo-zenit-ene23-v1b.png\",\"contentUrl\":\"https:\/\/zenitvisuals.com\/wp-content\/uploads\/2023\/02\/logo-zenit-ene23-v1b.png\",\"width\":320,\"height\":76,\"caption\":\"Zenit Visuals 3D Design\"},\"image\":{\"@id\":\"https:\/\/zenitvisuals.com\/es\/#\/schema\/logo\/image\/\"},\"sameAs\":[\"https:\/\/www.facebook.com\/zenitdesignEs\",\"https:\/\/www.linkedin.com\/company\/zenit-design-es\",\"https:\/\/zenitvisuals.com\/#0\",\"https:\/\/www.behance.net\/g3ddesignstudio\/projects\"]}]}<\/script>\n<!-- \/ Yoast SEO plugin. -->","yoast_head_json":{"title":"Pol\u00edtica de privacidad - Zenit Visuals","robots":{"index":"index","follow":"follow","max-snippet":"max-snippet:-1","max-image-preview":"max-image-preview:large","max-video-preview":"max-video-preview:-1"},"canonical":"https:\/\/zenitvisuals.com\/es\/politica-de-privacidad\/","og_locale":"es_ES","og_type":"article","og_title":"Pol\u00edtica de privacidad - Zenit Visuals","og_description":"Pol\u00edtica de Privacidad\u00a0 \u00a0 A trav\u00e9s del presente aviso legal y pol\u00edtica de privacidad, OTR ZENIT DESIGN SL\u00a0con domicilio social en Paseo de Reding 43, n\u00ba1 29016,\u00a0M\u00e1laga (Espa\u00f1a), informa a los usuarios del sitio web\u00a0https:\/\/zenitvisuals.com\/ de su Pol\u00edtica de Privacidad, y describe qu\u00e9 datos recoge, c\u00f3mo los utiliza, las opciones de los usuarios en relaci\u00f3n con estos datos, sus derechos &hellip;","og_url":"https:\/\/zenitvisuals.com\/es\/politica-de-privacidad\/","og_site_name":"Zenit Visuals","article_publisher":"https:\/\/www.facebook.com\/zenitdesignEs","article_modified_time":"2023-09-12T08:39:37+00:00","twitter_card":"summary_large_image","twitter_misc":{"Tiempo de lectura":"9 minutos"},"schema":{"@context":"https:\/\/schema.org","@graph":[{"@type":"WebPage","@id":"https:\/\/zenitvisuals.com\/es\/politica-de-privacidad\/","url":"https:\/\/zenitvisuals.com\/es\/politica-de-privacidad\/","name":"Pol\u00edtica de privacidad - Zenit Visuals","isPartOf":{"@id":"https:\/\/zenitvisuals.com\/es\/#website"},"datePublished":"2023-01-03T11:04:37+00:00","dateModified":"2023-09-12T08:39:37+00:00","breadcrumb":{"@id":"https:\/\/zenitvisuals.com\/es\/politica-de-privacidad\/#breadcrumb"},"inLanguage":"es","potentialAction":[{"@type":"ReadAction","target":["https:\/\/zenitvisuals.com\/es\/politica-de-privacidad\/"]}]},{"@type":"BreadcrumbList","@id":"https:\/\/zenitvisuals.com\/es\/politica-de-privacidad\/#breadcrumb","itemListElement":[{"@type":"ListItem","position":1,"name":"Home","item":"https:\/\/zenitvisuals.com\/es\/"},{"@type":"ListItem","position":2,"name":"Pol\u00edtica de privacidad"}]},{"@type":"WebSite","@id":"https:\/\/zenitvisuals.com\/es\/#website","url":"https:\/\/zenitvisuals.com\/es\/","name":"Zenit Visuals","description":"3D Design &amp; Animations","publisher":{"@id":"https:\/\/zenitvisuals.com\/es\/#organization"},"potentialAction":[{"@type":"SearchAction","target":{"@type":"EntryPoint","urlTemplate":"https:\/\/zenitvisuals.com\/es\/?s={search_term_string}"},"query-input":{"@type":"PropertyValueSpecification","valueRequired":true,"valueName":"search_term_string"}}],"inLanguage":"es"},{"@type":"Organization","@id":"https:\/\/zenitvisuals.com\/es\/#organization","name":"Zenit Visuals 3D Design","url":"https:\/\/zenitvisuals.com\/es\/","logo":{"@type":"ImageObject","inLanguage":"es","@id":"https:\/\/zenitvisuals.com\/es\/#\/schema\/logo\/image\/","url":"https:\/\/zenitvisuals.com\/wp-content\/uploads\/2023\/02\/logo-zenit-ene23-v1b.png","contentUrl":"https:\/\/zenitvisuals.com\/wp-content\/uploads\/2023\/02\/logo-zenit-ene23-v1b.png","width":320,"height":76,"caption":"Zenit Visuals 3D Design"},"image":{"@id":"https:\/\/zenitvisuals.com\/es\/#\/schema\/logo\/image\/"},"sameAs":["https:\/\/www.facebook.com\/zenitdesignEs","https:\/\/www.linkedin.com\/company\/zenit-design-es","https:\/\/zenitvisuals.com\/#0","https:\/\/www.behance.net\/g3ddesignstudio\/projects"]}]}},"_links":{"self":[{"href":"https:\/\/zenitvisuals.com\/es\/wp-json\/wp\/v2\/pages\/34462","targetHints":{"allow":["GET"]}}],"collection":[{"href":"https:\/\/zenitvisuals.com\/es\/wp-json\/wp\/v2\/pages"}],"about":[{"href":"https:\/\/zenitvisuals.com\/es\/wp-json\/wp\/v2\/types\/page"}],"author":[{"embeddable":true,"href":"https:\/\/zenitvisuals.com\/es\/wp-json\/wp\/v2\/users\/1"}],"replies":[{"embeddable":true,"href":"https:\/\/zenitvisuals.com\/es\/wp-json\/wp\/v2\/comments?post=34462"}],"version-history":[{"count":8,"href":"https:\/\/zenitvisuals.com\/es\/wp-json\/wp\/v2\/pages\/34462\/revisions"}],"predecessor-version":[{"id":35376,"href":"https:\/\/zenitvisuals.com\/es\/wp-json\/wp\/v2\/pages\/34462\/revisions\/35376"}],"wp:attachment":[{"href":"https:\/\/zenitvisuals.com\/es\/wp-json\/wp\/v2\/media?parent=34462"}],"curies":[{"name":"wp","href":"https:\/\/api.w.org\/{rel}","templated":true}]}}